{"id":29043,"date":"2025-08-04T17:37:35","date_gmt":"2025-08-04T17:37:35","guid":{"rendered":"https:\/\/manuelsnunes.pt\/?page_id=29043"},"modified":"2026-03-20T15:09:48","modified_gmt":"2026-03-20T15:09:48","slug":"mobiliario-e-decoracao","status":"publish","type":"page","link":"https:\/\/www.manuelsnunes.pt\/en\/mobiliario-e-decoracao\/","title":{"rendered":"Furniture and Decoration"},"content":{"rendered":"<div data-elementor-type=\"wp-page\" data-elementor-id=\"29043\" class=\"elementor elementor-29043\">\n\t\t\t\t<div class=\"wd-negative-gap elementor-element elementor-element-fdd2887 e-flex e-con-boxed e-con e-parent\" data-id=\"fdd2887\" data-element_type=\"container\" data-e-type=\"container\">\n\t\t\t\t\t<div class=\"e-con-inner\">\n\t\t<div class=\"elementor-element elementor-element-4f81c8f e-con-full e-flex e-con e-child\" data-id=\"4f81c8f\" data-element_type=\"container\" data-e-type=\"container\">\n\t\t\t\t<div class=\"elementor-element elementor-element-bf2cd7e wd-width-100 elementor-widget elementor-widget-wd_title\" data-id=\"bf2cd7e\" data-element_type=\"widget\" data-e-type=\"widget\" data-widget_type=\"wd_title.default\">\n\t\t\t\t<div class=\"elementor-widget-container\">\n\t\t\t\t\t\t\t<div class=\"title-wrapper wd-set-mb reset-last-child wd-title-color-default wd-title-style-default wd-title-size-default text-left\">\n\n\t\t\t\n\t\t\t<div class=\"liner-continer\">\n\t\t\t\t<h1 class=\"woodmart-title-container title wd-fontsize-l\">Furniture and Decoration<\/h1> \n\t\t\t\t\t\t\t<\/div>\n\n\t\t\t\t\t<\/div>\n\t\t\t\t\t\t<\/div>\n\t\t\t\t<\/div>\n\t\t\t\t<\/div>\n\t\t<div class=\"elementor-element elementor-element-7d76012 e-con-full e-flex e-con e-child\" data-id=\"7d76012\" data-element_type=\"container\" data-e-type=\"container\">\n\t\t<div class=\"elementor-element elementor-element-0f303dd e-con-full e-flex e-con e-child\" data-id=\"0f303dd\" data-element_type=\"container\" data-e-type=\"container\">\n\t\t\t\t<div class=\"elementor-element elementor-element-9830abe elementor-widget elementor-widget-spacer\" data-id=\"9830abe\" data-element_type=\"widget\" data-e-type=\"widget\" data-widget_type=\"spacer.default\">\n\t\t\t\t\t\t\t<div class=\"elementor-spacer\">\n\t\t\t<div class=\"elementor-spacer-inner\"><\/div>\n\t\t<\/div>\n\t\t\t\t\t\t<\/div>\n\t\t\t\t<div class=\"elementor-element elementor-element-7a79135 elementor-widget__width-initial color-scheme-inherit text-left elementor-widget elementor-widget-text-editor\" data-id=\"7a79135\" data-element_type=\"widget\" data-e-type=\"widget\" data-widget_type=\"text-editor.default\">\n\t\t\t\t\t\t\t\t\t<p>Spaces that<\/p>\t\t\t\t\t\t\t\t<\/div>\n\t\t\t\t<div class=\"elementor-element elementor-element-a8045b5 color-scheme-dark elementor-widget__width-auto text-left elementor-widget elementor-widget-text-editor\" data-id=\"a8045b5\" data-element_type=\"widget\" data-e-type=\"widget\" data-widget_type=\"text-editor.default\">\n\t\t\t\t\t\t\t\t\t<p>inspire <span style=\"color: #f0bf2d;\">well-being.<\/span><\/p>\t\t\t\t\t\t\t\t<\/div>\n\t\t\t\t<div class=\"elementor-element elementor-element-0809178 color-scheme-inherit text-left elementor-widget elementor-widget-text-editor\" data-id=\"0809178\" data-element_type=\"widget\" data-e-type=\"widget\" data-widget_type=\"text-editor.default\">\n\t\t\t\t\t\t\t\t\t<p>Pieces that combine comfort, functionality, and style to transform any space into a special place.<\/p>\t\t\t\t\t\t\t\t<\/div>\n\t\t\t\t<div class=\"elementor-element elementor-element-41ba0e7 elementor-widget__width-auto elementor-widget elementor-widget-wd_button\" data-id=\"41ba0e7\" data-element_type=\"widget\" data-e-type=\"widget\" data-widget_type=\"wd_button.default\">\n\t\t\t\t<div class=\"elementor-widget-container\">\n\t\t\t\t\t\t\t<div class=\"wd-button-wrapper text-left\" >\n\t\t\t<a class=\"btn btn-style-default btn-shape-rectangle btn-size-default btn-color-primary btn-icon-pos-right\"  href=\"\/en\/contactos\/\">\n\t\t\t\t<span class=\"wd-btn-text\" data-elementor-setting-key=\"text\">\n\t\t\t\t\tContact Us\t\t\t\t<\/span>\n\n\t\t\t\t\t\t\t<\/a>\n\t\t<\/div>\n\t\t\t\t\t\t<\/div>\n\t\t\t\t<\/div>\n\t\t\t\t<\/div>\n\t\t<div class=\"elementor-element elementor-element-b123fb9 e-con-full e-flex e-con e-child\" data-id=\"b123fb9\" data-element_type=\"container\" data-e-type=\"container\">\n\t\t\t\t<div class=\"elementor-element elementor-element-6777b5f elementor-widget elementor-widget-image\" data-id=\"6777b5f\" data-element_type=\"widget\" data-e-type=\"widget\" data-widget_type=\"image.default\">\n\t\t\t\t\t\t\t\t\t\t\t\t\t\t\t<img loading=\"lazy\" decoding=\"async\" width=\"968\" height=\"800\" src=\"https:\/\/www.manuelsnunes.pt\/wp-content\/uploads\/2025\/09\/banner-mobiliario-2.webp\" class=\"attachment-full size-full wp-image-30028\" alt=\"banner mobili\u00e1rio\" srcset=\"https:\/\/www.manuelsnunes.pt\/wp-content\/uploads\/2025\/09\/banner-mobiliario-2.webp 968w, https:\/\/www.manuelsnunes.pt\/wp-content\/uploads\/2025\/09\/banner-mobiliario-2-363x300.webp 363w, https:\/\/www.manuelsnunes.pt\/wp-content\/uploads\/2025\/09\/banner-mobiliario-2-768x635.webp 768w, https:\/\/www.manuelsnunes.pt\/wp-content\/uploads\/2025\/09\/banner-mobiliario-2-430x355.webp 430w, https:\/\/www.manuelsnunes.pt\/wp-content\/uploads\/2025\/09\/banner-mobiliario-2-700x579.webp 700w, https:\/\/www.manuelsnunes.pt\/wp-content\/uploads\/2025\/09\/banner-mobiliario-2-150x124.webp 150w\" sizes=\"auto, (max-width: 968px) 100vw, 968px\" \/>\t\t\t\t\t\t\t\t\t\t\t\t\t\t\t<\/div>\n\t\t\t\t<\/div>\n\t\t\t\t<\/div>\n\t\t\t\t\t<\/div>\n\t\t\t\t<\/div>\n\t\t<div class=\"wd-negative-gap elementor-element elementor-element-73dee291 wd-section-stretch e-flex e-con-boxed elementor-invisible e-con e-parent\" data-id=\"73dee291\" data-element_type=\"container\" data-e-type=\"container\" data-settings=\"{&quot;background_background&quot;:&quot;classic&quot;,&quot;animation&quot;:&quot;fadeInUp&quot;}\">\n\t\t\t\t\t<div class=\"e-con-inner\">\n\t\t\t\t<div class=\"elementor-element elementor-element-1b3c476d elementor-widget elementor-widget-spacer\" data-id=\"1b3c476d\" data-element_type=\"widget\" data-e-type=\"widget\" data-widget_type=\"spacer.default\">\n\t\t\t\t\t\t\t<div class=\"elementor-spacer\">\n\t\t\t<div class=\"elementor-spacer-inner\"><\/div>\n\t\t<\/div>\n\t\t\t\t\t\t<\/div>\n\t\t\t\t<div class=\"elementor-element elementor-element-33bd727d wd-width-100 elementor-widget elementor-widget-wd_title\" data-id=\"33bd727d\" data-element_type=\"widget\" data-e-type=\"widget\" data-widget_type=\"wd_title.default\">\n\t\t\t\t<div class=\"elementor-widget-container\">\n\t\t\t\t\t\t\t<div class=\"title-wrapper wd-set-mb reset-last-child wd-title-color-default wd-title-style-default wd-title-size-default text-center\">\n\n\t\t\t\t\t\t\t\t\t\t\t<div class=\"title-subtitle subtitle-color-default subtitle-style-default wd-fontsize-xs\">\n\t\t\t\t\tTurning a house into a true home is made of choices.\t\t\t\t<\/div>\n\t\t\t\n\t\t\t<div class=\"liner-continer\">\n\t\t\t\t<h2 class=\"woodmart-title-container title wd-fontsize-l\"><\/h2> \n\t\t\t\t\t\t\t<\/div>\n\n\t\t\t\t\t<\/div>\n\t\t\t\t\t\t<\/div>\n\t\t\t\t<\/div>\n\t\t\t\t<div class=\"elementor-element elementor-element-7e560180 elementor-widget elementor-widget-html\" data-id=\"7e560180\" data-element_type=\"widget\" data-e-type=\"widget\" data-widget_type=\"html.default\">\n\t\t\t\t\t\r\n<h2 class=\"titulo-especial2 align-center\" aria-label=\"Pe\u00e7as que combinam conforto, funcionalidade e estilo\">\r\n    Pieces that\r\n  <span class=\"negrito\">combine<\/span>\r\n  <span class=\"colorido\">comfort, functionality, and style<\/span>\r\n<\/h2>\t\t\t\t<\/div>\n\t\t\t\t<div class=\"elementor-element elementor-element-5843f33 color-scheme-inherit text-left elementor-widget elementor-widget-text-editor\" data-id=\"5843f33\" data-element_type=\"widget\" data-e-type=\"widget\" data-widget_type=\"text-editor.default\">\n\t\t\t\t\t\t\t\t\t<p>At Manuel Sousa Nunes, Lda., we offer a selection of furniture and d\u00e9cor items designed to meet everyday needs and create warm, personalized spaces.<\/p>\t\t\t\t\t\t\t\t<\/div>\n\t\t\t\t<div class=\"elementor-element elementor-element-1c68c04d elementor-widget elementor-widget-spacer\" data-id=\"1c68c04d\" data-element_type=\"widget\" data-e-type=\"widget\" data-widget_type=\"spacer.default\">\n\t\t\t\t\t\t\t<div class=\"elementor-spacer\">\n\t\t\t<div class=\"elementor-spacer-inner\"><\/div>\n\t\t<\/div>\n\t\t\t\t\t\t<\/div>\n\t\t\t\t\t<\/div>\n\t\t\t\t<\/div>\n\t\t<div class=\"elementor-element elementor-element-d8b8e4c e-grid hover-zoom e-con-boxed elementor-invisible e-con e-parent\" data-id=\"d8b8e4c\" data-element_type=\"container\" data-e-type=\"container\" data-settings=\"{&quot;animation&quot;:&quot;fadeInUp&quot;}\">\n\t\t\t\t\t<div class=\"e-con-inner\">\n\t\t<div class=\"elementor-element elementor-element-032892d e-flex e-con-boxed e-con e-child\" data-id=\"032892d\" data-element_type=\"container\" data-e-type=\"container\">\n\t\t\t\t\t<div class=\"e-con-inner\">\n\t\t\t\t<div class=\"elementor-element elementor-element-f5931e7 wd-width-100 elementor-widget elementor-widget-wd_title\" data-id=\"f5931e7\" data-element_type=\"widget\" data-e-type=\"widget\" data-widget_type=\"wd_title.default\">\n\t\t\t\t<div class=\"elementor-widget-container\">\n\t\t\t\t\t\t\t<div class=\"title-wrapper wd-set-mb reset-last-child wd-title-color-primary wd-title-style-underlined-2 wd-title-size-large text-center\">\n\n\t\t\t\n\t\t\t<div class=\"liner-continer\">\n\t\t\t\t<h3 class=\"woodmart-title-container title wd-fontsize-xxl\">Sofas and Armchairs <\/h3> \n\t\t\t\t\t\t\t<\/div>\n\n\t\t\t\t\t\t\t<div class=\"title-after_title reset-last-child wd-fontsize-s\">\n\t\t\t\t\t<p>Comfort for your living room, in modern and timeless designs.<\/p>\t\t\t\t<\/div>\n\t\t\t\t\t<\/div>\n\t\t\t\t\t\t<\/div>\n\t\t\t\t<\/div>\n\t\t\t\t<div class=\"elementor-element elementor-element-3b31ffb elementor-widget elementor-widget-wd_image_or_svg\" data-id=\"3b31ffb\" data-element_type=\"widget\" data-e-type=\"widget\" data-widget_type=\"wd_image_or_svg.default\">\n\t\t\t\t<div class=\"elementor-widget-container\">\n\t\t\t\t\t\n\t\t<div class=\"wd-image text-center\">\n\t\t\t\t\t\t\t\t<img loading=\"lazy\" decoding=\"async\" width=\"300\" height=\"300\" src=\"https:\/\/www.manuelsnunes.pt\/wp-content\/uploads\/2025\/09\/sofas-e-poltronas.webp\" class=\"attachment-full size-full\" alt=\"sof\u00e1s e poltronas\" srcset=\"https:\/\/www.manuelsnunes.pt\/wp-content\/uploads\/2025\/09\/sofas-e-poltronas.webp 300w, https:\/\/www.manuelsnunes.pt\/wp-content\/uploads\/2025\/09\/sofas-e-poltronas-150x150.webp 150w\" sizes=\"auto, (max-width: 300px) 100vw, 300px\" \/>\t\t\t\t\t<\/div>\n\n\t\t\t\t\t\t<\/div>\n\t\t\t\t<\/div>\n\t\t\t\t\t<\/div>\n\t\t\t\t<\/div>\n\t\t<div class=\"elementor-element elementor-element-02bad10 e-flex e-con-boxed e-con e-child\" data-id=\"02bad10\" data-element_type=\"container\" data-e-type=\"container\">\n\t\t\t\t\t<div class=\"e-con-inner\">\n\t\t\t\t<div class=\"elementor-element elementor-element-5bdf185 wd-width-100 elementor-widget elementor-widget-wd_title\" data-id=\"5bdf185\" data-element_type=\"widget\" data-e-type=\"widget\" data-widget_type=\"wd_title.default\">\n\t\t\t\t<div class=\"elementor-widget-container\">\n\t\t\t\t\t\t\t<div class=\"title-wrapper wd-set-mb reset-last-child wd-title-color-primary wd-title-style-underlined-2 wd-title-size-large text-center\">\n\n\t\t\t\n\t\t\t<div class=\"liner-continer\">\n\t\t\t\t<h3 class=\"woodmart-title-container title wd-fontsize-xxl\">Chairs and Stools <\/h3> \n\t\t\t\t\t\t\t<\/div>\n\n\t\t\t\t\t\t\t<div class=\"title-after_title reset-last-child wd-fontsize-s\">\n\t\t\t\t\t<p>Versatility and durability for any space, from the kitchen to the dining room.<\/p>\t\t\t\t<\/div>\n\t\t\t\t\t<\/div>\n\t\t\t\t\t\t<\/div>\n\t\t\t\t<\/div>\n\t\t\t\t<div class=\"elementor-element elementor-element-44d2e73 elementor-widget elementor-widget-wd_image_or_svg\" data-id=\"44d2e73\" data-element_type=\"widget\" data-e-type=\"widget\" data-widget_type=\"wd_image_or_svg.default\">\n\t\t\t\t<div class=\"elementor-widget-container\">\n\t\t\t\t\t\n\t\t<div class=\"wd-image text-center\">\n\t\t\t\t\t\t\t\t<img loading=\"lazy\" decoding=\"async\" width=\"300\" height=\"300\" src=\"https:\/\/www.manuelsnunes.pt\/wp-content\/uploads\/2025\/09\/cadeiras.webp\" class=\"attachment-full size-full\" alt=\"\" srcset=\"https:\/\/www.manuelsnunes.pt\/wp-content\/uploads\/2025\/09\/cadeiras.webp 300w, https:\/\/www.manuelsnunes.pt\/wp-content\/uploads\/2025\/09\/cadeiras-150x150.webp 150w\" sizes=\"auto, (max-width: 300px) 100vw, 300px\" \/>\t\t\t\t\t<\/div>\n\n\t\t\t\t\t\t<\/div>\n\t\t\t\t<\/div>\n\t\t\t\t\t<\/div>\n\t\t\t\t<\/div>\n\t\t<div class=\"elementor-element elementor-element-295faf7 e-flex e-con-boxed e-con e-child\" data-id=\"295faf7\" data-element_type=\"container\" data-e-type=\"container\">\n\t\t\t\t\t<div class=\"e-con-inner\">\n\t\t\t\t<div class=\"elementor-element elementor-element-063aaae wd-width-100 elementor-widget elementor-widget-wd_title\" data-id=\"063aaae\" data-element_type=\"widget\" data-e-type=\"widget\" data-widget_type=\"wd_title.default\">\n\t\t\t\t<div class=\"elementor-widget-container\">\n\t\t\t\t\t\t\t<div class=\"title-wrapper wd-set-mb reset-last-child wd-title-color-primary wd-title-style-underlined-2 wd-title-size-large text-center\">\n\n\t\t\t\n\t\t\t<div class=\"liner-continer\">\n\t\t\t\t<h3 class=\"woodmart-title-container title wd-fontsize-xxl\">Tables<\/h3> \n\t\t\t\t\t\t\t<\/div>\n\n\t\t\t\t\t\t\t<div class=\"title-after_title reset-last-child wd-fontsize-s\">\n\t\t\t\t\t<p>Practical and elegant solutions that combine organization and design.<\/p>\t\t\t\t<\/div>\n\t\t\t\t\t<\/div>\n\t\t\t\t\t\t<\/div>\n\t\t\t\t<\/div>\n\t\t\t\t<div class=\"elementor-element elementor-element-2d1dc1f elementor-widget elementor-widget-wd_image_or_svg\" data-id=\"2d1dc1f\" data-element_type=\"widget\" data-e-type=\"widget\" data-widget_type=\"wd_image_or_svg.default\">\n\t\t\t\t<div class=\"elementor-widget-container\">\n\t\t\t\t\t\n\t\t<div class=\"wd-image text-center\">\n\t\t\t\t\t\t\t\t<img loading=\"lazy\" decoding=\"async\" width=\"300\" height=\"300\" src=\"https:\/\/www.manuelsnunes.pt\/wp-content\/uploads\/2025\/09\/mesas.webp\" class=\"attachment-full size-full\" alt=\"mesas\" srcset=\"https:\/\/www.manuelsnunes.pt\/wp-content\/uploads\/2025\/09\/mesas.webp 300w, https:\/\/www.manuelsnunes.pt\/wp-content\/uploads\/2025\/09\/mesas-150x150.webp 150w\" sizes=\"auto, (max-width: 300px) 100vw, 300px\" \/>\t\t\t\t\t<\/div>\n\n\t\t\t\t\t\t<\/div>\n\t\t\t\t<\/div>\n\t\t\t\t\t<\/div>\n\t\t\t\t<\/div>\n\t\t<div class=\"elementor-element elementor-element-9198d24 e-flex e-con-boxed e-con e-child\" data-id=\"9198d24\" data-element_type=\"container\" data-e-type=\"container\">\n\t\t\t\t\t<div class=\"e-con-inner\">\n\t\t\t\t<div class=\"elementor-element elementor-element-49492ab wd-width-100 elementor-widget elementor-widget-wd_title\" data-id=\"49492ab\" data-element_type=\"widget\" data-e-type=\"widget\" data-widget_type=\"wd_title.default\">\n\t\t\t\t<div class=\"elementor-widget-container\">\n\t\t\t\t\t\t\t<div class=\"title-wrapper wd-set-mb reset-last-child wd-title-color-primary wd-title-style-underlined-2 wd-title-size-large text-center\">\n\n\t\t\t\n\t\t\t<div class=\"liner-continer\">\n\t\t\t\t<h3 class=\"woodmart-title-container title wd-fontsize-xxl\">Cabinets and Sideboards<\/h3> \n\t\t\t\t\t\t\t<\/div>\n\n\t\t\t\t\t\t\t<div class=\"title-after_title reset-last-child wd-fontsize-s\">\n\t\t\t\t\t<p>Functional furniture that optimizes space and enhances your home.<\/p>\t\t\t\t<\/div>\n\t\t\t\t\t<\/div>\n\t\t\t\t\t\t<\/div>\n\t\t\t\t<\/div>\n\t\t\t\t<div class=\"elementor-element elementor-element-a9b7552 elementor-widget elementor-widget-wd_image_or_svg\" data-id=\"a9b7552\" data-element_type=\"widget\" data-e-type=\"widget\" data-widget_type=\"wd_image_or_svg.default\">\n\t\t\t\t<div class=\"elementor-widget-container\">\n\t\t\t\t\t\n\t\t<div class=\"wd-image text-center\">\n\t\t\t\t\t\t\t\t<img loading=\"lazy\" decoding=\"async\" width=\"300\" height=\"300\" src=\"https:\/\/www.manuelsnunes.pt\/wp-content\/uploads\/2025\/09\/armarios-e-aparadores.webp\" class=\"attachment-full size-full\" alt=\"\" srcset=\"https:\/\/www.manuelsnunes.pt\/wp-content\/uploads\/2025\/09\/armarios-e-aparadores.webp 300w, https:\/\/www.manuelsnunes.pt\/wp-content\/uploads\/2025\/09\/armarios-e-aparadores-150x150.webp 150w\" sizes=\"auto, (max-width: 300px) 100vw, 300px\" \/>\t\t\t\t\t<\/div>\n\n\t\t\t\t\t\t<\/div>\n\t\t\t\t<\/div>\n\t\t\t\t\t<\/div>\n\t\t\t\t<\/div>\n\t\t<div class=\"elementor-element elementor-element-132e868 e-flex e-con-boxed e-con e-child\" data-id=\"132e868\" data-element_type=\"container\" data-e-type=\"container\">\n\t\t\t\t\t<div class=\"e-con-inner\">\n\t\t\t\t<div class=\"elementor-element elementor-element-7a32102 wd-width-100 elementor-widget elementor-widget-wd_title\" data-id=\"7a32102\" data-element_type=\"widget\" data-e-type=\"widget\" data-widget_type=\"wd_title.default\">\n\t\t\t\t<div class=\"elementor-widget-container\">\n\t\t\t\t\t\t\t<div class=\"title-wrapper wd-set-mb reset-last-child wd-title-color-primary wd-title-style-underlined-2 wd-title-size-large text-center\">\n\n\t\t\t\n\t\t\t<div class=\"liner-continer\">\n\t\t\t\t<h3 class=\"woodmart-title-container title wd-fontsize-xxl\">Decoration &amp; Plants<\/h3> \n\t\t\t\t\t\t\t<\/div>\n\n\t\t\t\t\t\t\t<div class=\"title-after_title reset-last-child wd-fontsize-s\">\n\t\t\t\t\t<p>Final touches that bring life to the space, creating fresher and more inspiring environments.<\/p>\t\t\t\t<\/div>\n\t\t\t\t\t<\/div>\n\t\t\t\t\t\t<\/div>\n\t\t\t\t<\/div>\n\t\t\t\t<div class=\"elementor-element elementor-element-44d0328 elementor-widget elementor-widget-wd_image_or_svg\" data-id=\"44d0328\" data-element_type=\"widget\" data-e-type=\"widget\" data-widget_type=\"wd_image_or_svg.default\">\n\t\t\t\t<div class=\"elementor-widget-container\">\n\t\t\t\t\t\n\t\t<div class=\"wd-image text-center\">\n\t\t\t\t\t\t\t\t<img loading=\"lazy\" decoding=\"async\" width=\"300\" height=\"300\" src=\"https:\/\/www.manuelsnunes.pt\/wp-content\/uploads\/2025\/09\/palntas-e-decoracao-1.webp\" class=\"attachment-full size-full\" alt=\"\" srcset=\"https:\/\/www.manuelsnunes.pt\/wp-content\/uploads\/2025\/09\/palntas-e-decoracao-1.webp 300w, https:\/\/www.manuelsnunes.pt\/wp-content\/uploads\/2025\/09\/palntas-e-decoracao-1-150x150.webp 150w\" sizes=\"auto, (max-width: 300px) 100vw, 300px\" \/>\t\t\t\t\t<\/div>\n\n\t\t\t\t\t\t<\/div>\n\t\t\t\t<\/div>\n\t\t\t\t\t<\/div>\n\t\t\t\t<\/div>\n\t\t\t\t\t<\/div>\n\t\t\t\t<\/div>\n\t\t\t\t<section class=\"wd-negative-gap elementor-section elementor-top-section elementor-element elementor-element-61b96eb0 elementor-section-content-middle wd-section-stretch elementor-section-boxed elementor-section-height-default elementor-section-height-default elementor-invisible\" data-id=\"61b96eb0\" data-element_type=\"section\" data-e-type=\"section\" data-settings=\"{&quot;background_background&quot;:&quot;classic&quot;,&quot;animation&quot;:&quot;fadeInUp&quot;}\">\n\t\t\t\t\t\t<div class=\"elementor-container elementor-column-gap-default\">\n\t\t\t\t\t<div class=\"elementor-column elementor-col-50 elementor-top-column elementor-element elementor-element-681dbec3\" data-id=\"681dbec3\" data-element_type=\"column\" data-e-type=\"column\">\n\t\t\t<div class=\"elementor-widget-wrap elementor-element-populated\">\n\t\t\t\t\t\t<div class=\"elementor-element elementor-element-732c481 elementor-widget elementor-widget-html\" data-id=\"732c481\" data-element_type=\"widget\" data-e-type=\"widget\" data-widget_type=\"html.default\">\n\t\t\t\t\t<h2 class=\"titulo-especial2\" aria-label=\"Qualidade e Proximidade\">\r\n  <span class=\"negrito\">Quality<\/span> and\r\n  <span class=\"colorido\">Closeness<\/span>\r\n<\/h2>\t\t\t\t<\/div>\n\t\t\t\t<div class=\"elementor-element elementor-element-6b36df29 elementor-widget elementor-widget-wd_text_block\" data-id=\"6b36df29\" data-element_type=\"widget\" data-e-type=\"widget\" data-widget_type=\"wd_text_block.default\">\n\t\t\t\t<div class=\"elementor-widget-container\">\n\t\t\t\t\t\t\t<div class=\"wd-text-block reset-last-child text-left\">\n\t\t\t\n\t\t\t<p>Each piece reflects our commitment to quality, durability, and affordability, ensuring you find solutions tailored to your taste and budget.<\/p>\n\t\t\t\t\t<\/div>\n\t\t\t\t\t\t<\/div>\n\t\t\t\t<\/div>\n\t\t\t\t\t<\/div>\n\t\t<\/div>\n\t\t\t\t<div class=\"elementor-column elementor-col-50 elementor-top-column elementor-element elementor-element-484b3815\" data-id=\"484b3815\" data-element_type=\"column\" data-e-type=\"column\">\n\t\t\t<div class=\"elementor-widget-wrap elementor-element-populated\">\n\t\t\t\t\t\t<div class=\"elementor-element elementor-element-538fa1d4 elementor-widget elementor-widget-wd_image_or_svg\" data-id=\"538fa1d4\" data-element_type=\"widget\" data-e-type=\"widget\" data-widget_type=\"wd_image_or_svg.default\">\n\t\t\t\t<div class=\"elementor-widget-container\">\n\t\t\t\t\t\n\t\t<div class=\"wd-image text-center\">\n\t\t\t\t\t\t\t\t<img loading=\"lazy\" decoding=\"async\" width=\"970\" height=\"740\" src=\"https:\/\/www.manuelsnunes.pt\/wp-content\/uploads\/2025\/09\/wood-layout-img-1-reverse.webp\" class=\"attachment-full size-full\" alt=\"sof\u00e1 e planta\" srcset=\"https:\/\/www.manuelsnunes.pt\/wp-content\/uploads\/2025\/09\/wood-layout-img-1-reverse.webp 970w, https:\/\/www.manuelsnunes.pt\/wp-content\/uploads\/2025\/09\/wood-layout-img-1-reverse-393x300.webp 393w, https:\/\/www.manuelsnunes.pt\/wp-content\/uploads\/2025\/09\/wood-layout-img-1-reverse-768x586.webp 768w, https:\/\/www.manuelsnunes.pt\/wp-content\/uploads\/2025\/09\/wood-layout-img-1-reverse-430x328.webp 430w, https:\/\/www.manuelsnunes.pt\/wp-content\/uploads\/2025\/09\/wood-layout-img-1-reverse-700x534.webp 700w, https:\/\/www.manuelsnunes.pt\/wp-content\/uploads\/2025\/09\/wood-layout-img-1-reverse-150x114.webp 150w\" sizes=\"auto, (max-width: 970px) 100vw, 970px\" \/>\t\t\t\t\t<\/div>\n\n\t\t\t\t\t\t<\/div>\n\t\t\t\t<\/div>\n\t\t\t\t\t<\/div>\n\t\t<\/div>\n\t\t\t\t\t<\/div>\n\t\t<\/section>\n\t\t<div class=\"wd-negative-gap elementor-element elementor-element-82f4df3 wd-section-stretch e-flex e-con-boxed elementor-invisible e-con e-parent\" data-id=\"82f4df3\" data-element_type=\"container\" data-e-type=\"container\" data-settings=\"{&quot;background_background&quot;:&quot;classic&quot;,&quot;animation&quot;:&quot;fadeInUp&quot;}\">\n\t\t\t\t\t<div class=\"e-con-inner\">\n\t\t\t\t<div class=\"elementor-element elementor-element-4ee468d elementor-widget elementor-widget-spacer\" data-id=\"4ee468d\" data-element_type=\"widget\" data-e-type=\"widget\" data-widget_type=\"spacer.default\">\n\t\t\t\t\t\t\t<div class=\"elementor-spacer\">\n\t\t\t<div class=\"elementor-spacer-inner\"><\/div>\n\t\t<\/div>\n\t\t\t\t\t\t<\/div>\n\t\t\t\t<div class=\"elementor-element elementor-element-63b34b4 wd-width-100 elementor-widget elementor-widget-wd_title\" data-id=\"63b34b4\" data-element_type=\"widget\" data-e-type=\"widget\" data-widget_type=\"wd_title.default\">\n\t\t\t\t<div class=\"elementor-widget-container\">\n\t\t\t\t\t\t\t<div class=\"title-wrapper wd-set-mb reset-last-child wd-title-color-default wd-title-style-default wd-title-size-default text-center\">\n\n\t\t\t\n\t\t\t<div class=\"liner-continer\">\n\t\t\t\t<h2 class=\"woodmart-title-container title wd-fontsize-l\">For every moment<\/h2> \n\t\t\t\t\t\t\t<\/div>\n\n\t\t\t\t\t\t\t<div class=\"title-after_title reset-last-child wd-fontsize-xs\">\n\t\t\t\t\t<p>Whether renovating your home, decorating a new space, or furnishing tourist accommodations, we offer furniture and decorative items that combine practicality and aesthetics, contributing to more comfortable and functional spaces.<\/p>\t\t\t\t<\/div>\n\t\t\t\t\t<\/div>\n\t\t\t\t\t\t<\/div>\n\t\t\t\t<\/div>\n\t\t\t\t<div class=\"elementor-element elementor-element-9efc420 elementor-align-center elementor-widget elementor-widget-button\" data-id=\"9efc420\" data-element_type=\"widget\" data-e-type=\"widget\" data-widget_type=\"button.default\">\n\t\t\t\t\t\t\t\t\t\t<a class=\"elementor-button elementor-button-link elementor-size-sm\" href=\"\/en\/contactos\/\">\n\t\t\t\t\t\t<span class=\"elementor-button-content-wrapper\">\n\t\t\t\t\t\t\t\t\t<span class=\"elementor-button-text\">Contact Us<\/span>\n\t\t\t\t\t<\/span>\n\t\t\t\t\t<\/a>\n\t\t\t\t\t\t\t\t<\/div>\n\t\t\t\t<div class=\"elementor-element elementor-element-a97a3f2 elementor-widget elementor-widget-spacer\" data-id=\"a97a3f2\" data-element_type=\"widget\" data-e-type=\"widget\" data-widget_type=\"spacer.default\">\n\t\t\t\t\t\t\t<div class=\"elementor-spacer\">\n\t\t\t<div class=\"elementor-spacer-inner\"><\/div>\n\t\t<\/div>\n\t\t\t\t\t\t<\/div>\n\t\t\t\t\t<\/div>\n\t\t\t\t<\/div>\n\t\t\t\t<\/div>","protected":false},"excerpt":{"rendered":"<p>Mobili\u00e1rio e Decora\u00e7\u00e3o Espa\u00e7os que inspiram bem-estar. Pe\u00e7as que combinam conforto, funcionalidade e estilo para transformar qualquer espa\u00e7o num lugar<\/p>","protected":false},"author":1,"featured_media":0,"parent":0,"menu_order":0,"comment_status":"closed","ping_status":"closed","template":"","meta":{"footnotes":""},"class_list":["post-29043","page","type-page","status-publish","hentry"],"_links":{"self":[{"href":"https:\/\/www.manuelsnunes.pt\/en\/wp-json\/wp\/v2\/pages\/29043","targetHints":{"allow":["GET"]}}],"collection":[{"href":"https:\/\/www.manuelsnunes.pt\/en\/wp-json\/wp\/v2\/pages"}],"about":[{"href":"https:\/\/www.manuelsnunes.pt\/en\/wp-json\/wp\/v2\/types\/page"}],"author":[{"embeddable":true,"href":"https:\/\/www.manuelsnunes.pt\/en\/wp-json\/wp\/v2\/users\/1"}],"replies":[{"embeddable":true,"href":"https:\/\/www.manuelsnunes.pt\/en\/wp-json\/wp\/v2\/comments?post=29043"}],"version-history":[{"count":214,"href":"https:\/\/www.manuelsnunes.pt\/en\/wp-json\/wp\/v2\/pages\/29043\/revisions"}],"predecessor-version":[{"id":31140,"href":"https:\/\/www.manuelsnunes.pt\/en\/wp-json\/wp\/v2\/pages\/29043\/revisions\/31140"}],"wp:attachment":[{"href":"https:\/\/www.manuelsnunes.pt\/en\/wp-json\/wp\/v2\/media?parent=29043"}],"curies":[{"name":"wp","href":"https:\/\/api.w.org\/{rel}","templated":true}]}}